{"id":26,"date":"2022-03-10T20:47:58","date_gmt":"2022-03-10T20:47:58","guid":{"rendered":"https:\/\/dobrepoczatki.pl\/?page_id=26"},"modified":"2024-02-01T20:33:18","modified_gmt":"2024-02-01T20:33:18","slug":"opinie","status":"publish","type":"page","link":"https:\/\/dobrepoczatki.pl\/?page_id=26","title":{"rendered":"Opinie"},"content":{"rendered":"\n<p><em>Polecam Hani\u0119 jako coacha dla os\u00f3b, kt\u00f3re czuj\u0105, \u017ce w \u017cyciu &#8222;sta\u0107 ich na wi\u0119cej&#8221;, jednak brakuje im &#8222;bod\u017aca&#8221;\/aktywatora takiej zmiany. Hania jest osob\u0105 potrafi\u0105c\u0105 s\u0142ucha\u0107, co ma istotny wp\u0142yw na proces coachingowy. Potrafi stworzy\u0107 komfortow\u0105 atmosfer\u0119 podczas sesji i zainspirowa\u0107. Na plus zas\u0142uguje r\u00f3wnie\u017c dystans, poczucie humoru oraz takt.&nbsp;Dzi\u0119ki wsp\u00f3\u0142pracy uda\u0142o nam si\u0119 doprecyzowa\u0107 punkt obecny oraz wyznaczy\u0107 m\u00f3j w\u0142asny cel zgodny z moim charakterem. Hania dysponuje odpowiednimi narz\u0119dziami pozwalaj\u0105cymi nakierowa\u0107 na start oraz proces zmian. Rozpocz\u0119\u0142am coaching bez precyzyjnego celu, jednak podczas sesji uda\u0142o si\u0119 uporz\u0105dkowa\u0107 nieco moj\u0105 rzeczywisto\u015b\u0107. Efekt wsp\u00f3\u0142pracy odczu\u0142am zar\u00f3wno materialnie (opanowa\u0142am program komputerowy, w kt\u00f3rym postawi\u0142am pierwsze kroki) jak i psychicznie. Czuje, \u017ce mam wi\u0119ksz\u0105 kontrol\u0119 nad swoim \u017cyciem. Oczywi\u015bcie sam proces zale\u017cy od nas i wi\u0105\u017ce si\u0119 z prac\u0105 nad sob\u0105. Podczas mojego procesu by\u0142y wzloty i upadki. M\u00f3j charakter nie jest naj\u0142atwiejszy. Cel by\u0142 w miar\u0119 ambitny a droga do jego realizacji &#8222;z zakr\u0119tami \u017cyciowymi&#8221; z mojej strony. Mimo wszystko uda\u0142o si\u0119 doj\u015b\u0107 po zako\u0144czeniu sesji do przyzwoitego punktu.&nbsp;Polecam spr\u00f3bowa\u0107, bo naprawd\u0119 warto.<\/em><\/p>\n\n\n\n<p class=\"has-text-align-right\">~ Kasia, grafik<\/p>\n\n\n\n<p><em>Sesje z Hani\u0105 pomog\u0142y mi odpowiedzie\u0107 sobie na kilka kluczowych pyta\u0144 i podj\u0105\u0107 odpowiednie decyzje w odpowiednim czasie. Czu\u0142am si\u0119 zaopiekowana, mia\u0142am zaufanie do Hani i do tego, \u017ce jestem w dobrych r\u0119kach, widz\u0105c z jakim zaanga\u017cowaniem i odpowiedzialno\u015bci\u0105 podchodzi do procesu.<\/em><\/p>\n\n\n\n<p class=\"has-text-align-right\"> ~ Anna, UX designer<\/p>\n\n\n\n<p><em>Chcia\u0142abym z ca\u0142ego serca poleci\u0107 najlepsz\u0105 Pani\u0105 na \u015bwiecie, dzi\u0119ki kt\u00f3rej dowiedzia\u0142am si\u0119 milion nowych rzeczy o sobie! Hania ma ogromn\u0105 wiedz\u0119, kt\u00f3r\u0105 z rado\u015bci\u0105 dzieli si\u0119 ze \u015bwiatem! Jeszcze raz dzi\u0119kuj\u0119! To by\u0142a przyjemno\u015b\u0107 pracowa\u0107 nad sob\u0105 pod czujnym okiem kogo\u015b takiego, jak Ty!<\/em><\/p>\n\n\n\n<p class=\"has-text-align-right\"> ~ Angelika \u015aliwi\u0144ska, architekt<\/p>\n\n\n\n<p><em>Bardzo polecam skorzysta\u0107 z us\u0142ugi coachingowej ka\u017cdemu, kto nie wie jak\u0105 drog\u0119 wybra\u0107. Warto si\u0119 zastanowi\u0107 nad swoimi warto\u015bciami i celami w \u017cyciu. Warto spr\u00f3bowa\u0107! Lepiej \u017ca\u0142owa\u0107, \u017ce si\u0119 co\u015b zrobi\u0142o, ni\u017c nie. \ud83d\ude42<\/em><\/p>\n\n\n\n<p class=\"has-text-align-right\">~ Kasia, studentka In\u017cynierii chemicznej i procesowej<\/p>\n\n\n\n<p><em>Bardzo polecam spotkania z Hani\u0105, poniewa\u017c dzi\u0119ki jej podej\u015bciu mog\u0142am lepiej pozna\u0107 siebie i poczu\u0107 wi\u0119cej wyrozumia\u0142o\u015bci dla swojego niedoskona\u0142ego schematu my\u015blenia. Po spotkaniach czuj\u0119 si\u0119 zmotywowana i ch\u0119tna do dzia\u0142ania nad wybranym celem \ud83d\ude42<\/em><\/p>\n\n\n\n<p class=\"has-text-align-right\">~ Karolina, zajmuj\u0119 si\u0119 zr\u00f3wnowa\u017conym budownictwem<\/p>\n\n\n\n<p><em>W nieca\u0142e 3 tygodnie moje \u017cycie odmieni\u0142o si\u0119 o 180 stopni. Jestem w trakcie zmiany pracy oraz zmiany miejsca zamieszkania, co najwa\u017cniejsze odesz\u0142am z toksycznej pracy i gdyby nie coaching z Hani\u0105 na pewno, bym to dalej odwleka\u0142a.<\/em><\/p>\n\n\n\n<p class=\"has-text-align-right\">~Maria, studentka psychologii w trakcie zmiany pracy<\/p>\n","protected":false},"excerpt":{"rendered":"<p>Polecam Hani\u0119 jako coacha dla os\u00f3b, kt\u00f3re czuj\u0105, \u017ce w \u017cyciu &#8222;sta\u0107 ich na wi\u0119cej&#8221;, jednak brakuje im &#8222;bod\u017aca&#8221;\/aktywatora takiej zmiany. Hania jest osob\u0105 potrafi\u0105c\u0105 s\u0142ucha\u0107, co ma istotny wp\u0142yw na proces coachingowy. Potrafi stworzy\u0107 komfortow\u0105 atmosfer\u0119 podczas sesji i zainspirowa\u0107. Na plus zas\u0142uguje r\u00f3wnie\u017c dystans, poczucie humoru oraz takt.&nbsp;Dzi\u0119ki wsp\u00f3\u0142pracy uda\u0142o nam si\u0119 doprecyzowa\u0107 &hellip; <\/p>\n","protected":false},"author":1,"featured_media":0,"parent":0,"menu_order":0,"comment_status":"closed","ping_status":"closed","template":"","meta":{"om_disable_all_campaigns":false,"_monsterinsights_skip_tracking":false,"_monsterinsights_sitenote_active":false,"_monsterinsights_sitenote_note":"","_monsterinsights_sitenote_category":0},"aioseo_notices":[],"_links":{"self":[{"href":"https:\/\/dobrepoczatki.pl\/index.php?rest_route=\/wp\/v2\/pages\/26"}],"collection":[{"href":"https:\/\/dobrepoczatki.pl\/index.php?rest_route=\/wp\/v2\/pages"}],"about":[{"href":"https:\/\/dobrepoczatki.pl\/index.php?rest_route=\/wp\/v2\/types\/page"}],"author":[{"embeddable":true,"href":"https:\/\/dobrepoczatki.pl\/index.php?rest_route=\/wp\/v2\/users\/1"}],"replies":[{"embeddable":true,"href":"https:\/\/dobrepoczatki.pl\/index.php?rest_route=%2Fwp%2Fv2%2Fcomments&post=26"}],"version-history":[{"count":10,"href":"https:\/\/dobrepoczatki.pl\/index.php?rest_route=\/wp\/v2\/pages\/26\/revisions"}],"predecessor-version":[{"id":408,"href":"https:\/\/dobrepoczatki.pl\/index.php?rest_route=\/wp\/v2\/pages\/26\/revisions\/408"}],"wp:attachment":[{"href":"https:\/\/dobrepoczatki.pl\/index.php?rest_route=%2Fwp%2Fv2%2Fmedia&parent=26"}],"curies":[{"name":"wp","href":"https:\/\/api.w.org\/{rel}","templated":true}]}}