{"id":24,"date":"2022-03-10T20:35:03","date_gmt":"2022-03-10T20:35:03","guid":{"rendered":"https:\/\/dobrepoczatki.pl\/?page_id=24"},"modified":"2025-03-13T17:42:23","modified_gmt":"2025-03-13T17:42:23","slug":"kontakt","status":"publish","type":"page","link":"https:\/\/dobrepoczatki.pl\/?page_id=24","title":{"rendered":"Kontakt"},"content":{"rendered":"\n<p>Jeste\u015b zainteresowany_a wsp\u00f3\u0142prac\u0105 coachingow\u0105? Masz pytania do oferty? Napisz do mnie!<\/p>\n\n\n\n<p>Wsp\u00f3\u0142prac\u0119 prowadz\u0119 g\u0142\u00f3wnie online, co oznacza, \u017ce mo\u017cesz do\u0142\u0105czy\u0107 do spotkania z ka\u017cdego miejsca w Polsce i na \u015bwiecie.. <\/p>\n\n\n\n<p>Jestem otwarta na Twoje preferencje. Napisz i sprawd\u017a, co mo\u017cemy razem zdzia\u0142a\u0107!<\/p>\n\n\n\n<p>hania.wilaszek@gmail.com <br>Instagram: <a href=\"https:\/\/www.instagram.com\/dobre_poczatki\/\">@dobre_poczatki<\/a><\/p>\n\n\n\n<p>Facebook: <a href=\"https:\/\/www.facebook.com\/profile.php?id=100086178827713\">Dobre Pocz\u0105tki &#8211; wspieranie w zmianie<\/a><\/p>\n\n\n\n<p><\/p>\n\n\n\n<p><a href=\"https:\/\/calendly.com\/hania-wilaszek\/coaching-indywidualny\">Sprawd\u017a terminy najbli\u017cszych sesji.<\/a> Pierwsze spotkanie jest darmowe.<\/p>\n\n\n\n<ul class=\"wp-container-1 wp-block-social-links\"><\/ul>\n\n\n\n<p><\/p>\n","protected":false},"excerpt":{"rendered":"<p>Jeste\u015b zainteresowany_a wsp\u00f3\u0142prac\u0105 coachingow\u0105? Masz pytania do oferty? Napisz do mnie! Wsp\u00f3\u0142prac\u0119 prowadz\u0119 g\u0142\u00f3wnie online, co oznacza, \u017ce mo\u017cesz do\u0142\u0105czy\u0107 do spotkania z ka\u017cdego miejsca w Polsce i na \u015bwiecie.. Jestem otwarta na Twoje preferencje. Napisz i sprawd\u017a, co mo\u017cemy razem zdzia\u0142a\u0107! hania.wilaszek@gmail.com Instagram: @dobre_poczatki Facebook: Dobre Pocz\u0105tki &#8211; wspieranie w zmianie Sprawd\u017a terminy najbli\u017cszych &hellip; <\/p>\n","protected":false},"author":1,"featured_media":0,"parent":0,"menu_order":0,"comment_status":"closed","ping_status":"closed","template":"","meta":{"om_disable_all_campaigns":false,"_monsterinsights_skip_tracking":false,"_monsterinsights_sitenote_active":false,"_monsterinsights_sitenote_note":"","_monsterinsights_sitenote_category":0},"aioseo_notices":[],"_links":{"self":[{"href":"https:\/\/dobrepoczatki.pl\/index.php?rest_route=\/wp\/v2\/pages\/24"}],"collection":[{"href":"https:\/\/dobrepoczatki.pl\/index.php?rest_route=\/wp\/v2\/pages"}],"about":[{"href":"https:\/\/dobrepoczatki.pl\/index.php?rest_route=\/wp\/v2\/types\/page"}],"author":[{"embeddable":true,"href":"https:\/\/dobrepoczatki.pl\/index.php?rest_route=\/wp\/v2\/users\/1"}],"replies":[{"embeddable":true,"href":"https:\/\/dobrepoczatki.pl\/index.php?rest_route=%2Fwp%2Fv2%2Fcomments&post=24"}],"version-history":[{"count":7,"href":"https:\/\/dobrepoczatki.pl\/index.php?rest_route=\/wp\/v2\/pages\/24\/revisions"}],"predecessor-version":[{"id":500,"href":"https:\/\/dobrepoczatki.pl\/index.php?rest_route=\/wp\/v2\/pages\/24\/revisions\/500"}],"wp:attachment":[{"href":"https:\/\/dobrepoczatki.pl\/index.php?rest_route=%2Fwp%2Fv2%2Fmedia&parent=24"}],"curies":[{"name":"wp","href":"https:\/\/api.w.org\/{rel}","templated":true}]}}