{"id":176,"date":"2023-03-24T15:29:27","date_gmt":"2023-03-24T15:29:27","guid":{"rendered":"https:\/\/dobrepoczatki.pl\/?page_id=176"},"modified":"2024-02-01T20:31:52","modified_gmt":"2024-02-01T20:31:52","slug":"umow-spotkanie","status":"publish","type":"page","link":"https:\/\/dobrepoczatki.pl\/?page_id=176","title":{"rendered":"Kalendarz"},"content":{"rendered":"\n<p>Wolne terminy spotka\u0144. Pierwsze spotkanie jest spotkaniem darmowym.<\/p>\n\n\n\n<p><a href=\"https:\/\/calendly.com\/hania-wilaszek\/coaching-indywidualny\" target=\"_blank\" rel=\"noreferrer noopener\">Wybierz termin i zapisz si\u0119<\/a><\/p>\n\n\n\n<p>\u017baden z termin\u00f3w Ci nie odpowiada? Napisz do mnie! <\/p>\n\n\n\n<p>email: hania.wilaszek@gmail.com<\/p>\n\n\n\n<p>Na Instagramie: <a href=\"https:\/\/www.instagram.com\/dobre_poczatki\/\">dobre_poczatki<\/a><\/p>\n","protected":false},"excerpt":{"rendered":"<p>Wolne terminy spotka\u0144. Pierwsze spotkanie jest spotkaniem darmowym. Wybierz termin i zapisz si\u0119 \u017baden z termin\u00f3w Ci nie odpowiada? Napisz do mnie! email: hania.wilaszek@gmail.com Na Instagramie: dobre_poczatki<\/p>\n","protected":false},"author":1,"featured_media":0,"parent":0,"menu_order":0,"comment_status":"closed","ping_status":"closed","template":"","meta":{"om_disable_all_campaigns":false,"_monsterinsights_skip_tracking":false,"_monsterinsights_sitenote_active":false,"_monsterinsights_sitenote_note":"","_monsterinsights_sitenote_category":0},"aioseo_notices":[],"_links":{"self":[{"href":"https:\/\/dobrepoczatki.pl\/index.php?rest_route=\/wp\/v2\/pages\/176"}],"collection":[{"href":"https:\/\/dobrepoczatki.pl\/index.php?rest_route=\/wp\/v2\/pages"}],"about":[{"href":"https:\/\/dobrepoczatki.pl\/index.php?rest_route=\/wp\/v2\/types\/page"}],"author":[{"embeddable":true,"href":"https:\/\/dobrepoczatki.pl\/index.php?rest_route=\/wp\/v2\/users\/1"}],"replies":[{"embeddable":true,"href":"https:\/\/dobrepoczatki.pl\/index.php?rest_route=%2Fwp%2Fv2%2Fcomments&post=176"}],"version-history":[{"count":7,"href":"https:\/\/dobrepoczatki.pl\/index.php?rest_route=\/wp\/v2\/pages\/176\/revisions"}],"predecessor-version":[{"id":407,"href":"https:\/\/dobrepoczatki.pl\/index.php?rest_route=\/wp\/v2\/pages\/176\/revisions\/407"}],"wp:attachment":[{"href":"https:\/\/dobrepoczatki.pl\/index.php?rest_route=%2Fwp%2Fv2%2Fmedia&parent=176"}],"curies":[{"name":"wp","href":"https:\/\/api.w.org\/{rel}","templated":true}]}}