{"id":17,"date":"2022-03-10T20:30:09","date_gmt":"2022-03-10T20:30:09","guid":{"rendered":"https:\/\/dobrepoczatki.pl\/?page_id=17"},"modified":"2026-03-31T14:02:53","modified_gmt":"2026-03-31T14:02:53","slug":"o-mnie","status":"publish","type":"page","link":"https:\/\/dobrepoczatki.pl\/?page_id=17","title":{"rendered":"O mnie"},"content":{"rendered":"\n<p class=\"has-text-align-center\"><strong>Moje wykszta\u0142cenie<\/strong><\/p>\n\n\n\n<p class=\"has-text-align-center\"> Z wykszta\u0142cenia jestem kognitywistk\u0105. Za t\u0105 trudn\u0105 nazw\u0105 kryje si\u0119 pi\u0119\u0107 lat nauki o funkcjonowaniu ludzkiego umys\u0142u. Wyj\u0105tkowo\u015b\u0107 tego kierunku osadza si\u0119 w jego multidyscyplinarno\u015bci &#8211; odkrywaj\u0105c natur\u0119 umys\u0142u czerpali\u015bmy z wielu dziedzin nauki &#8211; psychologii, filozofii, j\u0119zykoznawstwa, antropologii, czy neurobiologii. <\/p>\n\n\n\n<p class=\"has-text-align-center\">Pierwsze kroki jako coach postawi\u0142am dzi\u0119ki certyfikowanym przez ICF &#8222;Studiom Umiej\u0119tno\u015bci Coachingowych&#8221; w Instytucie Mukoid. Nast\u0119pnie wybra\u0142am si\u0119 na studia podyplomowe &#8222;Coaching z elementami psychologii&#8221; na Uniwersytecie SWPS w Poznaniu, gdzie dojrzewa\u0142am do roli specjalistki wspieraj\u0105cej ludzi w rozwoju. Z coachingiem jest troch\u0119 jak z kognitywistyk\u0105 &#8211; \u0142\u0105czy w sobie r\u00f3\u017cne \u015bwiaty i pozwala odkrywa\u0107 mo\u017cliwo\u015bci umys\u0142u. W tym przypadku nie jest to sama teoria, ale najlepsze praktyki pobudzania kreatywno\u015bci, dzia\u0142ania i utrzymywania motywacji, zaczerpni\u0119te ze \u015bwiata neuronauki, sportu, biznesu i psychologii. <\/p>\n\n\n\n<p class=\"has-text-align-center\"><\/p>\n","protected":false},"excerpt":{"rendered":"<p>Moje wykszta\u0142cenie Z wykszta\u0142cenia jestem kognitywistk\u0105. Za t\u0105 trudn\u0105 nazw\u0105 kryje si\u0119 pi\u0119\u0107 lat nauki o funkcjonowaniu ludzkiego umys\u0142u. Wyj\u0105tkowo\u015b\u0107 tego kierunku osadza si\u0119 w jego multidyscyplinarno\u015bci &#8211; odkrywaj\u0105c natur\u0119 umys\u0142u czerpali\u015bmy z wielu dziedzin nauki &#8211; psychologii, filozofii, j\u0119zykoznawstwa, antropologii, czy neurobiologii. Pierwsze kroki jako coach postawi\u0142am dzi\u0119ki certyfikowanym przez ICF &#8222;Studiom Umiej\u0119tno\u015bci Coachingowych&#8221; &hellip; <\/p>\n","protected":false},"author":1,"featured_media":0,"parent":0,"menu_order":0,"comment_status":"closed","ping_status":"closed","template":"","meta":{"om_disable_all_campaigns":false,"_monsterinsights_skip_tracking":false,"_monsterinsights_sitenote_active":false,"_monsterinsights_sitenote_note":"","_monsterinsights_sitenote_category":0},"aioseo_notices":[],"_links":{"self":[{"href":"https:\/\/dobrepoczatki.pl\/index.php?rest_route=\/wp\/v2\/pages\/17"}],"collection":[{"href":"https:\/\/dobrepoczatki.pl\/index.php?rest_route=\/wp\/v2\/pages"}],"about":[{"href":"https:\/\/dobrepoczatki.pl\/index.php?rest_route=\/wp\/v2\/types\/page"}],"author":[{"embeddable":true,"href":"https:\/\/dobrepoczatki.pl\/index.php?rest_route=\/wp\/v2\/users\/1"}],"replies":[{"embeddable":true,"href":"https:\/\/dobrepoczatki.pl\/index.php?rest_route=%2Fwp%2Fv2%2Fcomments&post=17"}],"version-history":[{"count":36,"href":"https:\/\/dobrepoczatki.pl\/index.php?rest_route=\/wp\/v2\/pages\/17\/revisions"}],"predecessor-version":[{"id":516,"href":"https:\/\/dobrepoczatki.pl\/index.php?rest_route=\/wp\/v2\/pages\/17\/revisions\/516"}],"wp:attachment":[{"href":"https:\/\/dobrepoczatki.pl\/index.php?rest_route=%2Fwp%2Fv2%2Fmedia&parent=17"}],"curies":[{"name":"wp","href":"https:\/\/api.w.org\/{rel}","templated":true}]}}